{"id":12793,"date":"2021-07-08T09:09:42","date_gmt":"2021-07-08T09:09:42","guid":{"rendered":"https:\/\/www.synergy4.es\/politica-de-calidad\/"},"modified":"2023-07-04T14:03:06","modified_gmt":"2023-07-04T14:03:06","slug":"politica-de-calidad","status":"publish","type":"page","link":"https:\/\/www.esteso.es\/en\/politica-de-calidad\/","title":{"rendered":"Pol\u00edtica de calidad"},"content":{"rendered":"<p>[vc_row][vc_column]<div id=\"ultimate-heading-25026a09e6327d154\" class=\"uvc-heading ult-adjust-bottom-margin ultimate-heading-25026a09e6327d154 uvc-787  uvc-heading-default-font-sizes\" data-hspacer=\"no_spacer\"  data-halign=\"left\" style=\"text-align:left\"><div class=\"uvc-heading-spacer no_spacer\" style=\"top\"><\/div><div class=\"uvc-main-heading ult-responsive\"  data-ultimate-target='.uvc-heading.ultimate-heading-25026a09e6327d154 h2'  data-responsive-json-new='{\"font-size\":\"\",\"line-height\":\"\"}' ><h2 style=\"--font-weight:theme;margin-bottom:40px;\">Pol\u00edtica de calidad<\/h2><\/div><\/div>[vc_column_text]<\/p>\n<div class=\"elementor-element elementor-element-0fb1bb6 elementor-widget elementor-widget-text-editor\" data-id=\"0fb1bb6\" data-element_type=\"widget\" data-widget_type=\"text-editor.default\">\n<div class=\"elementor-widget-container\">\n<div class=\"elementor-text-editor elementor-clearfix\">\n<p>TALLERES ESTESO, mantiene el sistema de gesti\u00f3n de la calidad en base a la norma UNE-EN ISO 9001:15 como herramienta de gesti\u00f3n indispensable para mantener la fidelidad de nuestros clientes as\u00ed como para aumentar la satisfacci\u00f3n de los mismos. Para ello la actividad de DISE\u00d1O, FABRICACI\u00d3N Y REPARACI\u00d3N DE REMOLQUES Y SEMIRREMOLQUES PARA CAMIONES Y VEH\u00cdCULOS R\u00cdGIDOS, realizada por TALLERES ESTESO, ser\u00e1n productos que no solo cumplan con los requisitos establecidos en la normativa vigente, sino que buscaremos la mejora de los mismos, de cara a incrementar la satisfacci\u00f3n de nuestros clientes.<\/p>\n<p>La Direcci\u00f3n asume los compromisos de poner en el mercado \u00fanicamente productos que satisfagan al cliente, estableciendo procesos capaces, cumpliendo los requisitos y buscando la mejora continua de nuestro Sistema de Gesti\u00f3n de la Calidad.<\/p>\n<p>Consecuente con la decisi\u00f3n y voluntad expresada, la Direcci\u00f3n se compromete a proporcionar los recursos materiales y humanos que sean necesarios para la consecuci\u00f3n del mencionado objetivo, en el convencimiento de que el coste que ello implique no es otra cosa que una inversi\u00f3n rentable.<\/p>\n<p>La Gesti\u00f3n de la Calidad es un objetivo y una responsabilidad de todo el personal integrado en TALLERES ESTESO, y abarca todas las actividades con \u00e9l relacionadas. Convencidos que la Calidad nos ayudar\u00e1 a alcanzar un sistema de mejora continua, anualmente se establecer\u00e1n y se revisar\u00e1n por la Direcci\u00f3n objetivos concretos y cuantificables, con responsables y plazos de ejecuci\u00f3n definidos, que nos ayuden a medir y evaluar la mejora alcanzada.<\/p>\n<\/div>\n<\/div>\n<\/div>\n<section class=\"elementor-section elementor-inner-section elementor-element elementor-element-fa1f8ab elementor-section-boxed elementor-section-height-default elementor-section-height-default\" data-id=\"fa1f8ab\" data-element_type=\"section\">\n<div class=\"elementor-container elementor-column-gap-default\">\n<div class=\"elementor-row\">\n<div class=\"elementor-widget-wrap\"><\/div>\n<div class=\"elementor-column elementor-col-50 elementor-inner-column elementor-element elementor-element-5e476f7\" data-id=\"5e476f7\" data-element_type=\"column\">\n<div class=\"elementor-column-wrap elementor-element-populated\">\n<div class=\"elementor-widget-wrap\">\n<div class=\"elementor-element elementor-element-b6b299e elementor-widget elementor-widget-text-editor\" data-id=\"b6b299e\" data-element_type=\"widget\" data-widget_type=\"text-editor.default\">\n<div class=\"elementor-widget-container\">\n<div class=\"elementor-text-editor elementor-clearfix\">\n<p>&nbsp;<\/p>\n<p>&nbsp;<\/p>\n<p style=\"text-align: right;\">EL GERENTE<\/p>\n<p style=\"text-align: right;\">FDO: JAVIER ESTESO<\/p>\n<p style=\"text-align: right;\">09\/05\/2023<\/p>\n<\/div>\n<\/div>\n<\/div>\n<\/div>\n<\/div>\n<\/div>\n<\/div>\n<\/div>\n<\/section>\n<p>[\/vc_column_text][\/vc_column][\/vc_row]<\/p>\n","protected":false},"excerpt":{"rendered":"<p>[vc_row][vc_column][vc_column_text] TALLERES ESTESO, mantiene el sistema de gesti\u00f3n de la calidad en base a la norma UNE-EN ISO 9001:15 como herramienta de gesti\u00f3n indispensable para mantener la fidelidad de nuestros clientes as\u00ed como para aumentar la satisfacci\u00f3n de los mismos. Para ello la actividad de DISE\u00d1O, FABRICACI\u00d3N Y REPARACI\u00d3N DE REMOLQUES Y SEMIRREMOLQUES PARA CAMIONES&hellip;<\/p>\n","protected":false},"author":1,"featured_media":0,"parent":0,"menu_order":0,"comment_status":"closed","ping_status":"closed","template":"","meta":[],"yoast_head":"<!-- This site is optimized with the Yoast SEO plugin v18.6 - https:\/\/yoast.com\/wordpress\/plugins\/seo\/ -->\n<title>Pol\u00edtica de calidad - Talleres Esteso<\/title>\n<meta name=\"robots\" content=\"index, follow, max-snippet:-1, max-image-preview:large, max-video-preview:-1\" \/>\n<link rel=\"canonical\" href=\"https:\/\/www.esteso.es\/en\/politica-de-calidad\/\" \/>\n<meta property=\"og:locale\" content=\"en_US\" \/>\n<meta property=\"og:type\" content=\"article\" \/>\n<meta property=\"og:title\" content=\"Pol\u00edtica de calidad - Talleres Esteso\" \/>\n<meta property=\"og:description\" content=\"[vc_row][vc_column][vc_column_text] TALLERES ESTESO, mantiene el sistema de gesti\u00f3n de la calidad en base a la norma UNE-EN ISO 9001:15 como herramienta de gesti\u00f3n indispensable para mantener la fidelidad de nuestros clientes as\u00ed como para aumentar la satisfacci\u00f3n de los mismos. Para ello la actividad de DISE\u00d1O, FABRICACI\u00d3N Y REPARACI\u00d3N DE REMOLQUES Y SEMIRREMOLQUES PARA CAMIONES&hellip;\" \/>\n<meta property=\"og:url\" content=\"https:\/\/www.esteso.es\/en\/politica-de-calidad\/\" \/>\n<meta property=\"og:site_name\" content=\"Talleres Esteso\" \/>\n<meta property=\"article:publisher\" content=\"https:\/\/www.facebook.com\/talleresesteso\/\" \/>\n<meta property=\"article:modified_time\" content=\"2023-07-04T14:03:06+00:00\" \/>\n<meta name=\"twitter:card\" content=\"summary_large_image\" \/>\n<meta name=\"twitter:label1\" content=\"Est. reading time\" \/>\n\t<meta name=\"twitter:data1\" content=\"2 minutes\" \/>\n<script type=\"application\/ld+json\" class=\"yoast-schema-graph\">{\"@context\":\"https:\/\/schema.org\",\"@graph\":[{\"@type\":\"Organization\",\"@id\":\"https:\/\/www.esteso.es\/#organization\",\"name\":\"Talleres Esteso\",\"url\":\"https:\/\/www.esteso.es\/\",\"sameAs\":[\"https:\/\/www.facebook.com\/talleresesteso\/\",\"https:\/\/www.instagram.com\/accounts\/login\/?next=\/talleresesteso\/\",\"https:\/\/www.linkedin.com\/authwall?trk=ripf&amp;trkInfo=AQGBHnxZdPT8ywAAAYBGtWZYj51QUaH6D94Y8kEk0LNGo0Kg72VY9ZOP7bDemFqcJ5YbQ1WEoVvu21YoNaBRZZ-omWOLdOljUSuNfJIOL5xV6CtNt_HGYPV62FXryvJTPF3GY3I=&amp;originalReferer=https:\/\/www.google.com\/&amp;sessionRedirect=https:\/\/es.linkedin.com\/company\/talleresesteso\",\"https:\/\/www.youtube.com\/channel\/UCuhvKB1EibPtQhRfCd8qGqQ\",\"https:\/\/pin.it\/1B4cJq9\"],\"logo\":{\"@type\":\"ImageObject\",\"@id\":\"https:\/\/www.esteso.es\/#logo\",\"inLanguage\":\"en-US\",\"url\":\"https:\/\/www.esteso.es\/wp-content\/uploads\/2022\/02\/Redimension-categoria-web-Esteso.jpg\",\"contentUrl\":\"https:\/\/www.esteso.es\/wp-content\/uploads\/2022\/02\/Redimension-categoria-web-Esteso.jpg\",\"width\":1500,\"height\":1000,\"caption\":\"Talleres Esteso\"},\"image\":{\"@id\":\"https:\/\/www.esteso.es\/#logo\"}},{\"@type\":\"WebSite\",\"@id\":\"https:\/\/www.esteso.es\/#website\",\"url\":\"https:\/\/www.esteso.es\/\",\"name\":\"Talleres Esteso\",\"description\":\"Compraventa y reparaci\u00f3n de semirremolques. Repuestos y piezas para camiones.\",\"publisher\":{\"@id\":\"https:\/\/www.esteso.es\/#organization\"},\"potentialAction\":[{\"@type\":\"SearchAction\",\"target\":{\"@type\":\"EntryPoint\",\"urlTemplate\":\"https:\/\/www.esteso.es\/?s={search_term_string}\"},\"query-input\":\"required name=search_term_string\"}],\"inLanguage\":\"en-US\"},{\"@type\":\"WebPage\",\"@id\":\"https:\/\/www.esteso.es\/en\/politica-de-calidad\/#webpage\",\"url\":\"https:\/\/www.esteso.es\/en\/politica-de-calidad\/\",\"name\":\"Pol\u00edtica de calidad - Talleres Esteso\",\"isPartOf\":{\"@id\":\"https:\/\/www.esteso.es\/#website\"},\"datePublished\":\"2021-07-08T09:09:42+00:00\",\"dateModified\":\"2023-07-04T14:03:06+00:00\",\"breadcrumb\":{\"@id\":\"https:\/\/www.esteso.es\/en\/politica-de-calidad\/#breadcrumb\"},\"inLanguage\":\"en-US\",\"potentialAction\":[{\"@type\":\"ReadAction\",\"target\":[\"https:\/\/www.esteso.es\/en\/politica-de-calidad\/\"]}]},{\"@type\":\"BreadcrumbList\",\"@id\":\"https:\/\/www.esteso.es\/en\/politica-de-calidad\/#breadcrumb\",\"itemListElement\":[{\"@type\":\"ListItem\",\"position\":1,\"name\":\"Portada\",\"item\":\"https:\/\/www.esteso.es\/en\/\"},{\"@type\":\"ListItem\",\"position\":2,\"name\":\"Pol\u00edtica de calidad\"}]}]}<\/script>\n<!-- \/ Yoast SEO plugin. -->","yoast_head_json":{"title":"Pol\u00edtica de calidad - Talleres Esteso","robots":{"index":"index","follow":"follow","max-snippet":"max-snippet:-1","max-image-preview":"max-image-preview:large","max-video-preview":"max-video-preview:-1"},"canonical":"https:\/\/www.esteso.es\/en\/politica-de-calidad\/","og_locale":"en_US","og_type":"article","og_title":"Pol\u00edtica de calidad - Talleres Esteso","og_description":"[vc_row][vc_column][vc_column_text] TALLERES ESTESO, mantiene el sistema de gesti\u00f3n de la calidad en base a la norma UNE-EN ISO 9001:15 como herramienta de gesti\u00f3n indispensable para mantener la fidelidad de nuestros clientes as\u00ed como para aumentar la satisfacci\u00f3n de los mismos. Para ello la actividad de DISE\u00d1O, FABRICACI\u00d3N Y REPARACI\u00d3N DE REMOLQUES Y SEMIRREMOLQUES PARA CAMIONES&hellip;","og_url":"https:\/\/www.esteso.es\/en\/politica-de-calidad\/","og_site_name":"Talleres Esteso","article_publisher":"https:\/\/www.facebook.com\/talleresesteso\/","article_modified_time":"2023-07-04T14:03:06+00:00","twitter_card":"summary_large_image","twitter_misc":{"Est. reading time":"2 minutes"},"schema":{"@context":"https:\/\/schema.org","@graph":[{"@type":"Organization","@id":"https:\/\/www.esteso.es\/#organization","name":"Talleres Esteso","url":"https:\/\/www.esteso.es\/","sameAs":["https:\/\/www.facebook.com\/talleresesteso\/","https:\/\/www.instagram.com\/accounts\/login\/?next=\/talleresesteso\/","https:\/\/www.linkedin.com\/authwall?trk=ripf&amp;trkInfo=AQGBHnxZdPT8ywAAAYBGtWZYj51QUaH6D94Y8kEk0LNGo0Kg72VY9ZOP7bDemFqcJ5YbQ1WEoVvu21YoNaBRZZ-omWOLdOljUSuNfJIOL5xV6CtNt_HGYPV62FXryvJTPF3GY3I=&amp;originalReferer=https:\/\/www.google.com\/&amp;sessionRedirect=https:\/\/es.linkedin.com\/company\/talleresesteso","https:\/\/www.youtube.com\/channel\/UCuhvKB1EibPtQhRfCd8qGqQ","https:\/\/pin.it\/1B4cJq9"],"logo":{"@type":"ImageObject","@id":"https:\/\/www.esteso.es\/#logo","inLanguage":"en-US","url":"https:\/\/www.esteso.es\/wp-content\/uploads\/2022\/02\/Redimension-categoria-web-Esteso.jpg","contentUrl":"https:\/\/www.esteso.es\/wp-content\/uploads\/2022\/02\/Redimension-categoria-web-Esteso.jpg","width":1500,"height":1000,"caption":"Talleres Esteso"},"image":{"@id":"https:\/\/www.esteso.es\/#logo"}},{"@type":"WebSite","@id":"https:\/\/www.esteso.es\/#website","url":"https:\/\/www.esteso.es\/","name":"Talleres Esteso","description":"Compraventa y reparaci\u00f3n de semirremolques. Repuestos y piezas para camiones.","publisher":{"@id":"https:\/\/www.esteso.es\/#organization"},"potentialAction":[{"@type":"SearchAction","target":{"@type":"EntryPoint","urlTemplate":"https:\/\/www.esteso.es\/?s={search_term_string}"},"query-input":"required name=search_term_string"}],"inLanguage":"en-US"},{"@type":"WebPage","@id":"https:\/\/www.esteso.es\/en\/politica-de-calidad\/#webpage","url":"https:\/\/www.esteso.es\/en\/politica-de-calidad\/","name":"Pol\u00edtica de calidad - Talleres Esteso","isPartOf":{"@id":"https:\/\/www.esteso.es\/#website"},"datePublished":"2021-07-08T09:09:42+00:00","dateModified":"2023-07-04T14:03:06+00:00","breadcrumb":{"@id":"https:\/\/www.esteso.es\/en\/politica-de-calidad\/#breadcrumb"},"inLanguage":"en-US","potentialAction":[{"@type":"ReadAction","target":["https:\/\/www.esteso.es\/en\/politica-de-calidad\/"]}]},{"@type":"BreadcrumbList","@id":"https:\/\/www.esteso.es\/en\/politica-de-calidad\/#breadcrumb","itemListElement":[{"@type":"ListItem","position":1,"name":"Portada","item":"https:\/\/www.esteso.es\/en\/"},{"@type":"ListItem","position":2,"name":"Pol\u00edtica de calidad"}]}]}},"_links":{"self":[{"href":"https:\/\/www.esteso.es\/en\/wp-json\/wp\/v2\/pages\/12793"}],"collection":[{"href":"https:\/\/www.esteso.es\/en\/wp-json\/wp\/v2\/pages"}],"about":[{"href":"https:\/\/www.esteso.es\/en\/wp-json\/wp\/v2\/types\/page"}],"author":[{"embeddable":true,"href":"https:\/\/www.esteso.es\/en\/wp-json\/wp\/v2\/users\/1"}],"replies":[{"embeddable":true,"href":"https:\/\/www.esteso.es\/en\/wp-json\/wp\/v2\/comments?post=12793"}],"version-history":[{"count":3,"href":"https:\/\/www.esteso.es\/en\/wp-json\/wp\/v2\/pages\/12793\/revisions"}],"predecessor-version":[{"id":18084,"href":"https:\/\/www.esteso.es\/en\/wp-json\/wp\/v2\/pages\/12793\/revisions\/18084"}],"wp:attachment":[{"href":"https:\/\/www.esteso.es\/en\/wp-json\/wp\/v2\/media?parent=12793"}],"curies":[{"name":"wp","href":"https:\/\/api.w.org\/{rel}","templated":true}]}}