{"id":12790,"date":"2021-07-07T12:54:05","date_gmt":"2021-07-07T12:54:05","guid":{"rendered":"https:\/\/www.synergy4.es\/contacto\/"},"modified":"2024-12-17T16:37:42","modified_gmt":"2024-12-17T16:37:42","slug":"contacto","status":"publish","type":"page","link":"https:\/\/www.esteso.es\/en\/contacto\/","title":{"rendered":"Contacto"},"content":{"rendered":"<p>[vc_row full_width=&#8221;stretch_row&#8221; gap=&#8221;20&#8243; css=&#8221;.vc_custom_1625672004494{margin-top: -70px !important;margin-bottom: -70px !important;background-color: #e8e9e9 !important;}&#8221;][vc_column width=&#8221;1\/2&#8243;][vc_row_inner][vc_column_inner offset=&#8221;vc_hidden-sm vc_hidden-xs&#8221;][vc_empty_space height=&#8221;60&#8243;][\/vc_column_inner][\/vc_row_inner]<div id=\"ultimate-heading-19669fd10a55c2b7\" class=\"uvc-heading ult-adjust-bottom-margin ultimate-heading-19669fd10a55c2b7 uvc-5644  uvc-heading-default-font-sizes\" data-hspacer=\"no_spacer\"  data-halign=\"left\" style=\"text-align:left\"><div class=\"uvc-heading-spacer no_spacer\" style=\"top\"><\/div><div class=\"uvc-main-heading ult-responsive\"  data-ultimate-target='.uvc-heading.ultimate-heading-19669fd10a55c2b7 h2'  data-responsive-json-new='{\"font-size\":\"\",\"line-height\":\"\"}' ><h2 style=\"--font-weight:theme;margin-bottom:40px;\">Contacta con nosotros<\/h2><\/div><\/div>[vc_row_inner equal_height=&#8221;yes&#8221;][vc_column_inner width=&#8221;1\/2&#8243;]<div class=\"aio-icon-component    style_1\"><a class=\"aio-icon-box-link\" href=\"mailto:almacen@esteso.es\" ><div id=\"Info-box-wrap-3261\" class=\"aio-icon-box default-icon\" style=\"\"  ><div class=\"aio-icon-default\"><div class=\"ult-just-icon-wrapper  \"><div class=\"align-icon\" style=\"text-align:center;\">\n<div class=\"aio-icon none \"  style=\"color:#e22929;font-size:17px;display:inline-block;\">\n\t<i class=\"fas fa-user-cog\"><\/i>\n<\/div><\/div><\/div><\/div><div class=\"aio-icon-header\" ><h3 class=\"aio-icon-title ult-responsive\"  data-ultimate-target='#Info-box-wrap-3261 .aio-icon-title'  data-responsive-json-new='{\"font-size\":\"\",\"line-height\":\"\"}'  style=\"\">COMERCIAL RECAMBIOS<\/h3><\/div> <!-- header --><div class=\"aio-icon-description ult-responsive\"  data-ultimate-target='#Info-box-wrap-3261 .aio-icon-description'  data-responsive-json-new='{\"font-size\":\"desktop:16px;\",\"line-height\":\"desktop:19px;\"}'  style=\"font-family:&#039;Rubik&#039;;color:#3a3d46;\">722 38 73 75\u00a0 s.lopez@esteso.es<\/div> <!-- description --><\/div> <!-- aio-icon-box --><\/a><\/div> <!-- aio-icon-component --><div class=\"aio-icon-component    style_1\"><a class=\"aio-icon-box-link\" href=\"mailto:mperona@esteso.es\" ><div id=\"Info-box-wrap-9207\" class=\"aio-icon-box default-icon\" style=\"\"  ><div class=\"aio-icon-default\"><div class=\"ult-just-icon-wrapper  \"><div class=\"align-icon\" style=\"text-align:center;\">\n<div class=\"aio-icon none \"  style=\"color:#e22929;font-size:17px;display:inline-block;\">\n\t<i class=\"fas fa-user-friends\"><\/i>\n<\/div><\/div><\/div><\/div><div class=\"aio-icon-header\" ><h3 class=\"aio-icon-title ult-responsive\"  data-ultimate-target='#Info-box-wrap-9207 .aio-icon-title'  data-responsive-json-new='{\"font-size\":\"\",\"line-height\":\"\"}'  style=\"\">COMERCIAL CARROCERIAS<\/h3><\/div> <!-- header --><div class=\"aio-icon-description ult-responsive\"  data-ultimate-target='#Info-box-wrap-9207 .aio-icon-description'  data-responsive-json-new='{\"font-size\":\"desktop:16px;\",\"line-height\":\"desktop:19px;\"}'  style=\"font-family:&#039;Rubik&#039;;color:#3a3d46;\">722 38 73 02\u00a0 m.perona@esteso.es<\/div> <!-- description --><\/div> <!-- aio-icon-box --><\/a><\/div> <!-- aio-icon-component --><div class=\"aio-icon-component    style_1\"><a class=\"aio-icon-box-link\" href=\"mailto:jcmora@esteso.es\" ><div id=\"Info-box-wrap-9212\" class=\"aio-icon-box default-icon\" style=\"\"  ><div class=\"aio-icon-default\"><div class=\"ult-just-icon-wrapper  \"><div class=\"align-icon\" style=\"text-align:center;\">\n<div class=\"aio-icon none \"  style=\"color:#e22929;font-size:17px;display:inline-block;\">\n\t<i class=\"fas fa-ruler-combined\"><\/i>\n<\/div><\/div><\/div><\/div><div class=\"aio-icon-header\" ><h3 class=\"aio-icon-title ult-responsive\"  data-ultimate-target='#Info-box-wrap-9212 .aio-icon-title'  data-responsive-json-new='{\"font-size\":\"\",\"line-height\":\"\"}'  style=\"\">HOMOLOGACIONES<\/h3><\/div> <!-- header --><div class=\"aio-icon-description ult-responsive\"  data-ultimate-target='#Info-box-wrap-9212 .aio-icon-description'  data-responsive-json-new='{\"font-size\":\"desktop:16px;\",\"line-height\":\"desktop:19px;\"}'  style=\"font-family:&#039;Rubik&#039;;color:#3a3d46;\"><\/p>\n<div id=\"Info-box-wrap-8498\" class=\"aio-icon-box default-icon\">\n<div class=\"aio-icon-description ult-responsive\" data-ultimate-target=\"#Info-box-wrap-8498 .aio-icon-description\" data-responsive-json-new=\"{&quot;font-size&quot;:&quot;desktop:16px;&quot;,&quot;line-height&quot;:&quot;desktop:19px;&quot;}\">\n<div id=\"Info-box-wrap-1373\" class=\"aio-icon-box default-icon\">\n<div class=\"aio-icon-description ult-responsive\" data-ultimate-target=\"#Info-box-wrap-1373 .aio-icon-description\" data-responsive-json-new=\"{&quot;font-size&quot;:&quot;desktop:16px;&quot;,&quot;line-height&quot;:&quot;desktop:19px;&quot;}\">969 300 225\u00a0 j.esteso@esteso.es<\/div>\n<\/div>\n<\/div>\n<\/div>\n<p><\/div> <!-- description --><\/div> <!-- aio-icon-box --><\/a><\/div> <!-- aio-icon-component --><div class=\"aio-icon-component    style_1\"><a class=\"aio-icon-box-link\" href=\"mailto:teresa@esteso.es\" ><div id=\"Info-box-wrap-4892\" class=\"aio-icon-box default-icon\" style=\"\"  ><div class=\"aio-icon-default\"><div class=\"ult-just-icon-wrapper  \"><div class=\"align-icon\" style=\"text-align:center;\">\n<div class=\"aio-icon none \"  style=\"color:#e22929;font-size:17px;display:inline-block;\">\n\t<i class=\"fas fa-file-invoice\"><\/i>\n<\/div><\/div><\/div><\/div><div class=\"aio-icon-header\" ><h3 class=\"aio-icon-title ult-responsive\"  data-ultimate-target='#Info-box-wrap-4892 .aio-icon-title'  data-responsive-json-new='{\"font-size\":\"\",\"line-height\":\"\"}'  style=\"\">FACTURACI\u00d3N<\/h3><\/div> <!-- header --><div class=\"aio-icon-description ult-responsive\"  data-ultimate-target='#Info-box-wrap-4892 .aio-icon-description'  data-responsive-json-new='{\"font-size\":\"desktop:16px;\",\"line-height\":\"desktop:19px;\"}'  style=\"font-family:&#039;Rubik&#039;;color:#3a3d46;\"><\/p>\n<div id=\"Info-box-wrap-8498\" class=\"aio-icon-box default-icon\">\n<div class=\"aio-icon-description ult-responsive\" data-ultimate-target=\"#Info-box-wrap-8498 .aio-icon-description\" data-responsive-json-new=\"{&quot;font-size&quot;:&quot;desktop:16px;&quot;,&quot;line-height&quot;:&quot;desktop:19px;&quot;}\">\n<div id=\"Info-box-wrap-1373\" class=\"aio-icon-box default-icon\">\n<div class=\"aio-icon-description ult-responsive\" data-ultimate-target=\"#Info-box-wrap-1373 .aio-icon-description\" data-responsive-json-new=\"{&quot;font-size&quot;:&quot;desktop:16px;&quot;,&quot;line-height&quot;:&quot;desktop:19px;&quot;}\">969 300 225\u00a0 t.garcia@esteso.es<\/div>\n<\/div>\n<\/div>\n<\/div>\n<p><\/div> <!-- description --><\/div> <!-- aio-icon-box --><\/a><\/div> <!-- aio-icon-component -->[\/vc_column_inner][vc_column_inner width=&#8221;1\/2&#8243;]<div class=\"aio-icon-component    style_1\"><div id=\"Info-box-wrap-6340\" class=\"aio-icon-box default-icon\" style=\"\"  ><div class=\"aio-icon-default\"><div class=\"ult-just-icon-wrapper  \"><div class=\"align-icon\" style=\"text-align:center;\">\n<div class=\"aio-icon none \"  style=\"color:#e22929;font-size:17px;display:inline-block;\">\n\t<i class=\"icomoon-the7-font-the7-clock-01\"><\/i>\n<\/div><\/div><\/div><\/div><div class=\"aio-icon-header\" ><h3 class=\"aio-icon-title ult-responsive\"  data-ultimate-target='#Info-box-wrap-6340 .aio-icon-title'  data-responsive-json-new='{\"font-size\":\"\",\"line-height\":\"\"}'  style=\"\">HORARIO<\/h3><\/div> <!-- header --><div class=\"aio-icon-description ult-responsive\"  data-ultimate-target='#Info-box-wrap-6340 .aio-icon-description'  data-responsive-json-new='{\"font-size\":\"desktop:16px;\",\"line-height\":\"desktop:19px;\"}'  style=\"font-family:&#039;Rubik&#039;;color:#3a3d46;\">Lunes-Viernes<br \/>\n9:00-14:00<br \/>\n15:30-18:30<\/div> <!-- description --><\/div> <!-- aio-icon-box --><\/div> <!-- aio-icon-component -->[\/vc_column_inner][\/vc_row_inner][vc_row_inner][vc_column_inner][vc_raw_html]JTNDZGl2JTIwc3R5bGUlM0QlMjJib3JkZXIlM0EzcHglMjBzb2xpZCUyMCUyM2ZmZiUzQiUyMiUzRSUwQSUzQ2lmcmFtZSUyMHNyYyUzRCUyMmh0dHBzJTNBJTJGJTJGd3d3Lmdvb2dsZS5jb20lMkZtYXBzJTJGZW1iZWQlM0ZwYiUzRCUyMTFtMTglMjExbTEyJTIxMW0zJTIxMWQxMjY5Mi41NjgwOTY4MTUzOTIlMjEyZC0yLjQxMjg1MDM4Mzg4ODc3NCUyMTNkMzkuNDA1ODI3NDg1MDY5ODYlMjEybTMlMjExZjAlMjEyZjAlMjEzZjAlMjEzbTIlMjExaTEwMjQlMjEyaTc2OCUyMTRmMTMuMSUyMTNtMyUyMTFtMiUyMTFzMHhkNjdkNjVkZjAwOTcxY2YlMjUzQTB4NDA4ZDc3ZDFhMTQzNDdkJTIxMnNUYWxsZXJlcyUyNTIwRXN0ZXNvJTI1MjBTJTI1MjBMJTIxNWUwJTIxM20yJTIxMXNlcyUyMTJzZXMlMjE0djE2MjU2MzgzMTE2MjQlMjE1bTIlMjExc2VzJTIxMnNlcyUyMiUyMHdpZHRoJTNEJTIyNjAwJTIyJTIwaGVpZ2h0JTNEJTIyNDUwJTIyJTIwc3R5bGUlM0QlMjJib3JkZXIlM0EwJTNCJTIyJTIwYWxsb3dmdWxsc2NyZWVuJTNEJTIyJTIyJTIwbG9hZGluZyUzRCUyMmxhenklMjIlM0UlM0MlMkZpZnJhbWUlM0UlMEElM0MlMkZkaXYlM0U=[\/vc_raw_html][\/vc_column_inner][\/vc_row_inner][\/vc_column][vc_column width=&#8221;1\/2&#8243;][vc_row_inner][vc_column_inner offset=&#8221;vc_hidden-sm vc_hidden-xs&#8221;][vc_empty_space height=&#8221;120&#8243;][\/vc_column_inner][\/vc_row_inner][vc_row_inner][vc_column_inner][vc_column_text]<div role=\"form\" class=\"wpcf7\" id=\"wpcf7-f6-o1\" lang=\"es-ES\" dir=\"ltr\">\n<div class=\"screen-reader-response\"><p role=\"status\" aria-live=\"polite\" aria-atomic=\"true\"><\/p> <ul><\/ul><\/div>\n<form action=\"\/en\/wp-json\/wp\/v2\/pages\/12790#wpcf7-f6-o1\" method=\"post\" class=\"wpcf7-form init\" novalidate=\"novalidate\" data-status=\"init\">\n<div style=\"display: none;\">\n<input type=\"hidden\" name=\"_wpcf7\" value=\"6\" \/>\n<input type=\"hidden\" name=\"_wpcf7_version\" value=\"5.4.1\" \/>\n<input type=\"hidden\" name=\"_wpcf7_locale\" value=\"es_ES\" \/>\n<input type=\"hidden\" name=\"_wpcf7_unit_tag\" value=\"wpcf7-f6-o1\" \/>\n<input type=\"hidden\" name=\"_wpcf7_container_post\" value=\"0\" \/>\n<input type=\"hidden\" name=\"_wpcf7_posted_data_hash\" value=\"\" \/>\n<input type=\"hidden\" name=\"_wpcf7_recaptcha_response\" value=\"\" \/>\n<\/div>\n<div style=\"margin-bottom:17px;\"><span class=\"wpcf7-form-control-wrap nombre\"><input type=\"text\" name=\"nombre\" value=\"\" size=\"40\" class=\"wpcf7-form-control wpcf7-text\" aria-invalid=\"false\" placeholder=\"Nombre y apellidos\" \/><\/span><\/div>\n<div style=\"margin-bottom:17px;\"><span class=\"wpcf7-form-control-wrap email\"><input type=\"email\" name=\"email\" value=\"\" size=\"40\" class=\"wpcf7-form-control wpcf7-text wpcf7-email wpcf7-validates-as-email\" aria-invalid=\"false\" placeholder=\"Email\" \/><\/span><\/div>\n<div style=\"margin-bottom:17px;\"><span class=\"wpcf7-form-control-wrap telefono\"><input type=\"tel\" name=\"telefono\" value=\"\" size=\"40\" class=\"wpcf7-form-control wpcf7-text wpcf7-tel wpcf7-validates-as-tel\" aria-invalid=\"false\" placeholder=\"Tel\u00e9fono\" \/><\/span><\/div>\n<p><span class=\"wpcf7-form-control-wrap mensaje\"><textarea name=\"mensaje\" cols=\"40\" rows=\"10\" class=\"wpcf7-form-control wpcf7-textarea\" aria-invalid=\"false\" placeholder=\"Mensaje\"><\/textarea><\/span><\/p>\n<div class=\"rgpd\">\n<span class=\"wpcf7-form-control-wrap acceptance-846\"><span class=\"wpcf7-form-control wpcf7-acceptance\"><span class=\"wpcf7-list-item\"><label><input type=\"checkbox\" name=\"acceptance-846\" value=\"1\" aria-invalid=\"false\" \/><span class=\"wpcf7-list-item-label\">&nbsp * Acepto la Pol\u00edtica de Privacidad y Tratamiento de datos<\/span><\/label><\/span><\/span><\/span><br \/>\n<span class=\"wpcf7-form-control-wrap acceptance-505\"><span class=\"wpcf7-form-control wpcf7-acceptance\"><span class=\"wpcf7-list-item\"><label><input type=\"checkbox\" name=\"acceptance-505\" value=\"1\" aria-invalid=\"false\" \/><span class=\"wpcf7-list-item-label\">&nbsp * Acepto ceder mis datos con la finalidad de poder recibir respuesta a la informaci\u00f3n solicitada<\/span><\/label><\/span><\/span><\/span><br \/>\nResponsable del tratamiento: TALLERES ESTESO S.L. Direcci\u00f3n del responsable: TALLERES ESTESO S.L. Finalidad: Sus datos ser\u00e1n usados para poder atender sus solicitudes y prestarle nuestros servicios. Legitimaci\u00f3n: \u00danicamente trataremos sus datos con su consentimiento previo, que podr\u00e1 facilitarnos mediante la casilla correspondiente establecida al efecto. Destinatarios: Con car\u00e1cter general, s\u00f3lo el personal de nuestra entidad que est\u00e9 debidamente autorizado podr\u00e1 tener conocimiento de la informaci\u00f3n que le pedimos. Derechos: Tiene derecho a saber qu\u00e9 informaci\u00f3n tenemos sobre usted, corregirla y eliminarla, tal y como se explica en la informaci\u00f3n adicional disponible en nuestra p\u00e1gina web.\n<\/div>\n<p><input type=\"submit\" value=\"ENVIAR\" class=\"wpcf7-form-control wpcf7-submit\" id=\"enviar_form\" \/><\/p>\n<p style=\"display: none !important;\"><label>&#916;<textarea name=\"_wpcf7_ak_hp_textarea\" cols=\"45\" rows=\"8\" maxlength=\"100\"><\/textarea><\/label><input type=\"hidden\" id=\"ak_js\" name=\"_wpcf7_ak_js\" value=\"59\"\/><script>document.getElementById( \"ak_js\" ).setAttribute( \"value\", ( new Date() ).getTime() );<\/script><\/p><div class=\"wpcf7-response-output\" aria-hidden=\"true\"><\/div><\/form><\/div>[\/vc_column_text][\/vc_column_inner][\/vc_row_inner][\/vc_column][\/vc_row]<\/p>\n","protected":false},"excerpt":{"rendered":"<p>[vc_row full_width=&#8221;stretch_row&#8221; gap=&#8221;20&#8243; css=&#8221;.vc_custom_1625672004494{margin-top: -70px !important;margin-bottom: -70px !important;background-color: #e8e9e9 !important;}&#8221;][vc_column width=&#8221;1\/2&#8243;][vc_row_inner][vc_column_inner offset=&#8221;vc_hidden-sm vc_hidden-xs&#8221;][vc_empty_space height=&#8221;60&#8243;][\/vc_column_inner][\/vc_row_inner][vc_row_inner equal_height=&#8221;yes&#8221;][vc_column_inner width=&#8221;1\/2&#8243;][\/vc_column_inner][vc_column_inner width=&#8221;1\/2&#8243;][\/vc_column_inner][\/vc_row_inner][vc_row_inner][vc_column_inner][vc_raw_html]JTNDZGl2JTIwc3R5bGUlM0QlMjJib3JkZXIlM0EzcHglMjBzb2xpZCUyMCUyM2ZmZiUzQiUyMiUzRSUwQSUzQ2lmcmFtZSUyMHNyYyUzRCUyMmh0dHBzJTNBJTJGJTJGd3d3Lmdvb2dsZS5jb20lMkZtYXBzJTJGZW1iZWQlM0ZwYiUzRCUyMTFtMTglMjExbTEyJTIxMW0zJTIxMWQxMjY5Mi41NjgwOTY4MTUzOTIlMjEyZC0yLjQxMjg1MDM4Mzg4ODc3NCUyMTNkMzkuNDA1ODI3NDg1MDY5ODYlMjEybTMlMjExZjAlMjEyZjAlMjEzZjAlMjEzbTIlMjExaTEwMjQlMjEyaTc2OCUyMTRmMTMuMSUyMTNtMyUyMTFtMiUyMTFzMHhkNjdkNjVkZjAwOTcxY2YlMjUzQTB4NDA4ZDc3ZDFhMTQzNDdkJTIxMnNUYWxsZXJlcyUyNTIwRXN0ZXNvJTI1MjBTJTI1MjBMJTIxNWUwJTIxM20yJTIxMXNlcyUyMTJzZXMlMjE0djE2MjU2MzgzMTE2MjQlMjE1bTIlMjExc2VzJTIxMnNlcyUyMiUyMHdpZHRoJTNEJTIyNjAwJTIyJTIwaGVpZ2h0JTNEJTIyNDUwJTIyJTIwc3R5bGUlM0QlMjJib3JkZXIlM0EwJTNCJTIyJTIwYWxsb3dmdWxsc2NyZWVuJTNEJTIyJTIyJTIwbG9hZGluZyUzRCUyMmxhenklMjIlM0UlM0MlMkZpZnJhbWUlM0UlMEElM0MlMkZkaXYlM0U=[\/vc_raw_html][\/vc_column_inner][\/vc_row_inner][\/vc_column][vc_column width=&#8221;1\/2&#8243;][vc_row_inner][vc_column_inner offset=&#8221;vc_hidden-sm vc_hidden-xs&#8221;][vc_empty_space height=&#8221;120&#8243;][\/vc_column_inner][\/vc_row_inner][vc_row_inner][vc_column_inner][vc_column_text][\/vc_column_text][\/vc_column_inner][\/vc_row_inner][\/vc_column][\/vc_row]<\/p>\n","protected":false},"author":1,"featured_media":0,"parent":0,"menu_order":0,"comment_status":"closed","ping_status":"closed","template":"","meta":[],"yoast_head":"<!-- This site is optimized with the Yoast SEO plugin v18.6 - https:\/\/yoast.com\/wordpress\/plugins\/seo\/ -->\n<title>Contacto - Talleres Esteso<\/title>\n<meta name=\"robots\" content=\"index, follow, max-snippet:-1, max-image-preview:large, max-video-preview:-1\" \/>\n<link rel=\"canonical\" href=\"https:\/\/www.esteso.es\/en\/contacto\/\" \/>\n<meta property=\"og:locale\" content=\"en_US\" \/>\n<meta property=\"og:type\" content=\"article\" \/>\n<meta property=\"og:title\" content=\"Contacto - Talleres Esteso\" \/>\n<meta property=\"og:description\" content=\"[vc_row full_width=&#8221;stretch_row&#8221; gap=&#8221;20&#8243; css=&#8221;.vc_custom_1625672004494{margin-top: -70px !important;margin-bottom: -70px !important;background-color: #e8e9e9 !important;}&#8221;][vc_column width=&#8221;1\/2&#8243;][vc_row_inner][vc_column_inner offset=&#8221;vc_hidden-sm vc_hidden-xs&#8221;][vc_empty_space height=&#8221;60&#8243;][\/vc_column_inner][\/vc_row_inner][vc_row_inner equal_height=&#8221;yes&#8221;][vc_column_inner width=&#8221;1\/2&#8243;][\/vc_column_inner][vc_column_inner width=&#8221;1\/2&#8243;][\/vc_column_inner][\/vc_row_inner][vc_row_inner][vc_column_inner][vc_raw_html]JTNDZGl2JTIwc3R5bGUlM0QlMjJib3JkZXIlM0EzcHglMjBzb2xpZCUyMCUyM2ZmZiUzQiUyMiUzRSUwQSUzQ2lmcmFtZSUyMHNyYyUzRCUyMmh0dHBzJTNBJTJGJTJGd3d3Lmdvb2dsZS5jb20lMkZtYXBzJTJGZW1iZWQlM0ZwYiUzRCUyMTFtMTglMjExbTEyJTIxMW0zJTIxMWQxMjY5Mi41NjgwOTY4MTUzOTIlMjEyZC0yLjQxMjg1MDM4Mzg4ODc3NCUyMTNkMzkuNDA1ODI3NDg1MDY5ODYlMjEybTMlMjExZjAlMjEyZjAlMjEzZjAlMjEzbTIlMjExaTEwMjQlMjEyaTc2OCUyMTRmMTMuMSUyMTNtMyUyMTFtMiUyMTFzMHhkNjdkNjVkZjAwOTcxY2YlMjUzQTB4NDA4ZDc3ZDFhMTQzNDdkJTIxMnNUYWxsZXJlcyUyNTIwRXN0ZXNvJTI1MjBTJTI1MjBMJTIxNWUwJTIxM20yJTIxMXNlcyUyMTJzZXMlMjE0djE2MjU2MzgzMTE2MjQlMjE1bTIlMjExc2VzJTIxMnNlcyUyMiUyMHdpZHRoJTNEJTIyNjAwJTIyJTIwaGVpZ2h0JTNEJTIyNDUwJTIyJTIwc3R5bGUlM0QlMjJib3JkZXIlM0EwJTNCJTIyJTIwYWxsb3dmdWxsc2NyZWVuJTNEJTIyJTIyJTIwbG9hZGluZyUzRCUyMmxhenklMjIlM0UlM0MlMkZpZnJhbWUlM0UlMEElM0MlMkZkaXYlM0U=[\/vc_raw_html][\/vc_column_inner][\/vc_row_inner][\/vc_column][vc_column width=&#8221;1\/2&#8243;][vc_row_inner][vc_column_inner offset=&#8221;vc_hidden-sm vc_hidden-xs&#8221;][vc_empty_space height=&#8221;120&#8243;][\/vc_column_inner][\/vc_row_inner][vc_row_inner][vc_column_inner][vc_column_text][\/vc_column_text][\/vc_column_inner][\/vc_row_inner][\/vc_column][\/vc_row]\" \/>\n<meta property=\"og:url\" content=\"https:\/\/www.esteso.es\/en\/contacto\/\" \/>\n<meta property=\"og:site_name\" content=\"Talleres Esteso\" \/>\n<meta property=\"article:publisher\" content=\"https:\/\/www.facebook.com\/talleresesteso\/\" \/>\n<meta property=\"article:modified_time\" content=\"2024-12-17T16:37:42+00:00\" \/>\n<meta name=\"twitter:card\" content=\"summary_large_image\" \/>\n<meta name=\"twitter:label1\" content=\"Est. reading time\" \/>\n\t<meta name=\"twitter:data1\" content=\"1 minute\" \/>\n<script type=\"application\/ld+json\" class=\"yoast-schema-graph\">{\"@context\":\"https:\/\/schema.org\",\"@graph\":[{\"@type\":\"Organization\",\"@id\":\"https:\/\/www.esteso.es\/#organization\",\"name\":\"Talleres Esteso\",\"url\":\"https:\/\/www.esteso.es\/\",\"sameAs\":[\"https:\/\/www.facebook.com\/talleresesteso\/\",\"https:\/\/www.instagram.com\/accounts\/login\/?next=\/talleresesteso\/\",\"https:\/\/www.linkedin.com\/authwall?trk=ripf&amp;trkInfo=AQGBHnxZdPT8ywAAAYBGtWZYj51QUaH6D94Y8kEk0LNGo0Kg72VY9ZOP7bDemFqcJ5YbQ1WEoVvu21YoNaBRZZ-omWOLdOljUSuNfJIOL5xV6CtNt_HGYPV62FXryvJTPF3GY3I=&amp;originalReferer=https:\/\/www.google.com\/&amp;sessionRedirect=https:\/\/es.linkedin.com\/company\/talleresesteso\",\"https:\/\/www.youtube.com\/channel\/UCuhvKB1EibPtQhRfCd8qGqQ\",\"https:\/\/pin.it\/1B4cJq9\"],\"logo\":{\"@type\":\"ImageObject\",\"@id\":\"https:\/\/www.esteso.es\/#logo\",\"inLanguage\":\"en-US\",\"url\":\"https:\/\/www.esteso.es\/wp-content\/uploads\/2022\/02\/Redimension-categoria-web-Esteso.jpg\",\"contentUrl\":\"https:\/\/www.esteso.es\/wp-content\/uploads\/2022\/02\/Redimension-categoria-web-Esteso.jpg\",\"width\":1500,\"height\":1000,\"caption\":\"Talleres Esteso\"},\"image\":{\"@id\":\"https:\/\/www.esteso.es\/#logo\"}},{\"@type\":\"WebSite\",\"@id\":\"https:\/\/www.esteso.es\/#website\",\"url\":\"https:\/\/www.esteso.es\/\",\"name\":\"Talleres Esteso\",\"description\":\"Compraventa y reparaci\u00f3n de semirremolques. Repuestos y piezas para camiones.\",\"publisher\":{\"@id\":\"https:\/\/www.esteso.es\/#organization\"},\"potentialAction\":[{\"@type\":\"SearchAction\",\"target\":{\"@type\":\"EntryPoint\",\"urlTemplate\":\"https:\/\/www.esteso.es\/?s={search_term_string}\"},\"query-input\":\"required name=search_term_string\"}],\"inLanguage\":\"en-US\"},{\"@type\":\"WebPage\",\"@id\":\"https:\/\/www.esteso.es\/en\/contacto\/#webpage\",\"url\":\"https:\/\/www.esteso.es\/en\/contacto\/\",\"name\":\"Contacto - Talleres Esteso\",\"isPartOf\":{\"@id\":\"https:\/\/www.esteso.es\/#website\"},\"datePublished\":\"2021-07-07T12:54:05+00:00\",\"dateModified\":\"2024-12-17T16:37:42+00:00\",\"breadcrumb\":{\"@id\":\"https:\/\/www.esteso.es\/en\/contacto\/#breadcrumb\"},\"inLanguage\":\"en-US\",\"potentialAction\":[{\"@type\":\"ReadAction\",\"target\":[\"https:\/\/www.esteso.es\/en\/contacto\/\"]}]},{\"@type\":\"BreadcrumbList\",\"@id\":\"https:\/\/www.esteso.es\/en\/contacto\/#breadcrumb\",\"itemListElement\":[{\"@type\":\"ListItem\",\"position\":1,\"name\":\"Portada\",\"item\":\"https:\/\/www.esteso.es\/en\/\"},{\"@type\":\"ListItem\",\"position\":2,\"name\":\"Contacto\"}]}]}<\/script>\n<!-- \/ Yoast SEO plugin. -->","yoast_head_json":{"title":"Contacto - Talleres Esteso","robots":{"index":"index","follow":"follow","max-snippet":"max-snippet:-1","max-image-preview":"max-image-preview:large","max-video-preview":"max-video-preview:-1"},"canonical":"https:\/\/www.esteso.es\/en\/contacto\/","og_locale":"en_US","og_type":"article","og_title":"Contacto - Talleres Esteso","og_description":"[vc_row full_width=&#8221;stretch_row&#8221; gap=&#8221;20&#8243; css=&#8221;.vc_custom_1625672004494{margin-top: -70px !important;margin-bottom: -70px !important;background-color: #e8e9e9 !important;}&#8221;][vc_column width=&#8221;1\/2&#8243;][vc_row_inner][vc_column_inner offset=&#8221;vc_hidden-sm vc_hidden-xs&#8221;][vc_empty_space height=&#8221;60&#8243;][\/vc_column_inner][\/vc_row_inner][vc_row_inner equal_height=&#8221;yes&#8221;][vc_column_inner width=&#8221;1\/2&#8243;][\/vc_column_inner][vc_column_inner width=&#8221;1\/2&#8243;][\/vc_column_inner][\/vc_row_inner][vc_row_inner][vc_column_inner][vc_raw_html]JTNDZGl2JTIwc3R5bGUlM0QlMjJib3JkZXIlM0EzcHglMjBzb2xpZCUyMCUyM2ZmZiUzQiUyMiUzRSUwQSUzQ2lmcmFtZSUyMHNyYyUzRCUyMmh0dHBzJTNBJTJGJTJGd3d3Lmdvb2dsZS5jb20lMkZtYXBzJTJGZW1iZWQlM0ZwYiUzRCUyMTFtMTglMjExbTEyJTIxMW0zJTIxMWQxMjY5Mi41NjgwOTY4MTUzOTIlMjEyZC0yLjQxMjg1MDM4Mzg4ODc3NCUyMTNkMzkuNDA1ODI3NDg1MDY5ODYlMjEybTMlMjExZjAlMjEyZjAlMjEzZjAlMjEzbTIlMjExaTEwMjQlMjEyaTc2OCUyMTRmMTMuMSUyMTNtMyUyMTFtMiUyMTFzMHhkNjdkNjVkZjAwOTcxY2YlMjUzQTB4NDA4ZDc3ZDFhMTQzNDdkJTIxMnNUYWxsZXJlcyUyNTIwRXN0ZXNvJTI1MjBTJTI1MjBMJTIxNWUwJTIxM20yJTIxMXNlcyUyMTJzZXMlMjE0djE2MjU2MzgzMTE2MjQlMjE1bTIlMjExc2VzJTIxMnNlcyUyMiUyMHdpZHRoJTNEJTIyNjAwJTIyJTIwaGVpZ2h0JTNEJTIyNDUwJTIyJTIwc3R5bGUlM0QlMjJib3JkZXIlM0EwJTNCJTIyJTIwYWxsb3dmdWxsc2NyZWVuJTNEJTIyJTIyJTIwbG9hZGluZyUzRCUyMmxhenklMjIlM0UlM0MlMkZpZnJhbWUlM0UlMEElM0MlMkZkaXYlM0U=[\/vc_raw_html][\/vc_column_inner][\/vc_row_inner][\/vc_column][vc_column width=&#8221;1\/2&#8243;][vc_row_inner][vc_column_inner offset=&#8221;vc_hidden-sm vc_hidden-xs&#8221;][vc_empty_space height=&#8221;120&#8243;][\/vc_column_inner][\/vc_row_inner][vc_row_inner][vc_column_inner][vc_column_text][\/vc_column_text][\/vc_column_inner][\/vc_row_inner][\/vc_column][\/vc_row]","og_url":"https:\/\/www.esteso.es\/en\/contacto\/","og_site_name":"Talleres Esteso","article_publisher":"https:\/\/www.facebook.com\/talleresesteso\/","article_modified_time":"2024-12-17T16:37:42+00:00","twitter_card":"summary_large_image","twitter_misc":{"Est. reading time":"1 minute"},"schema":{"@context":"https:\/\/schema.org","@graph":[{"@type":"Organization","@id":"https:\/\/www.esteso.es\/#organization","name":"Talleres Esteso","url":"https:\/\/www.esteso.es\/","sameAs":["https:\/\/www.facebook.com\/talleresesteso\/","https:\/\/www.instagram.com\/accounts\/login\/?next=\/talleresesteso\/","https:\/\/www.linkedin.com\/authwall?trk=ripf&amp;trkInfo=AQGBHnxZdPT8ywAAAYBGtWZYj51QUaH6D94Y8kEk0LNGo0Kg72VY9ZOP7bDemFqcJ5YbQ1WEoVvu21YoNaBRZZ-omWOLdOljUSuNfJIOL5xV6CtNt_HGYPV62FXryvJTPF3GY3I=&amp;originalReferer=https:\/\/www.google.com\/&amp;sessionRedirect=https:\/\/es.linkedin.com\/company\/talleresesteso","https:\/\/www.youtube.com\/channel\/UCuhvKB1EibPtQhRfCd8qGqQ","https:\/\/pin.it\/1B4cJq9"],"logo":{"@type":"ImageObject","@id":"https:\/\/www.esteso.es\/#logo","inLanguage":"en-US","url":"https:\/\/www.esteso.es\/wp-content\/uploads\/2022\/02\/Redimension-categoria-web-Esteso.jpg","contentUrl":"https:\/\/www.esteso.es\/wp-content\/uploads\/2022\/02\/Redimension-categoria-web-Esteso.jpg","width":1500,"height":1000,"caption":"Talleres Esteso"},"image":{"@id":"https:\/\/www.esteso.es\/#logo"}},{"@type":"WebSite","@id":"https:\/\/www.esteso.es\/#website","url":"https:\/\/www.esteso.es\/","name":"Talleres Esteso","description":"Compraventa y reparaci\u00f3n de semirremolques. Repuestos y piezas para camiones.","publisher":{"@id":"https:\/\/www.esteso.es\/#organization"},"potentialAction":[{"@type":"SearchAction","target":{"@type":"EntryPoint","urlTemplate":"https:\/\/www.esteso.es\/?s={search_term_string}"},"query-input":"required name=search_term_string"}],"inLanguage":"en-US"},{"@type":"WebPage","@id":"https:\/\/www.esteso.es\/en\/contacto\/#webpage","url":"https:\/\/www.esteso.es\/en\/contacto\/","name":"Contacto - Talleres Esteso","isPartOf":{"@id":"https:\/\/www.esteso.es\/#website"},"datePublished":"2021-07-07T12:54:05+00:00","dateModified":"2024-12-17T16:37:42+00:00","breadcrumb":{"@id":"https:\/\/www.esteso.es\/en\/contacto\/#breadcrumb"},"inLanguage":"en-US","potentialAction":[{"@type":"ReadAction","target":["https:\/\/www.esteso.es\/en\/contacto\/"]}]},{"@type":"BreadcrumbList","@id":"https:\/\/www.esteso.es\/en\/contacto\/#breadcrumb","itemListElement":[{"@type":"ListItem","position":1,"name":"Portada","item":"https:\/\/www.esteso.es\/en\/"},{"@type":"ListItem","position":2,"name":"Contacto"}]}]}},"_links":{"self":[{"href":"https:\/\/www.esteso.es\/en\/wp-json\/wp\/v2\/pages\/12790"}],"collection":[{"href":"https:\/\/www.esteso.es\/en\/wp-json\/wp\/v2\/pages"}],"about":[{"href":"https:\/\/www.esteso.es\/en\/wp-json\/wp\/v2\/types\/page"}],"author":[{"embeddable":true,"href":"https:\/\/www.esteso.es\/en\/wp-json\/wp\/v2\/users\/1"}],"replies":[{"embeddable":true,"href":"https:\/\/www.esteso.es\/en\/wp-json\/wp\/v2\/comments?post=12790"}],"version-history":[{"count":12,"href":"https:\/\/www.esteso.es\/en\/wp-json\/wp\/v2\/pages\/12790\/revisions"}],"predecessor-version":[{"id":19599,"href":"https:\/\/www.esteso.es\/en\/wp-json\/wp\/v2\/pages\/12790\/revisions\/19599"}],"wp:attachment":[{"href":"https:\/\/www.esteso.es\/en\/wp-json\/wp\/v2\/media?parent=12790"}],"curies":[{"name":"wp","href":"https:\/\/api.w.org\/{rel}","templated":true}]}}